{"id":53,"date":"2022-10-13T16:25:18","date_gmt":"2022-10-13T14:25:18","guid":{"rendered":"https:\/\/stolz-architecture.fr\/?page_id=53"},"modified":"2025-10-19T15:30:27","modified_gmt":"2025-10-19T13:30:27","slug":"news","status":"publish","type":"page","link":"https:\/\/stolz-architecture.fr\/index.php\/news\/","title":{"rendered":"Missions"},"content":{"rendered":"\n<figure class=\"wp-block-gallery has-nested-images columns-default is-cropped wp-block-gallery-1 is-layout-flex wp-block-gallery-is-layout-flex\"><\/figure>\n\n\n\n<h2 class=\"wp-block-heading\">Visite-Conseil<\/h2>\n\n\n\n<p>La mission Visite-Conseil est un premier accompagnement, sans engagement pour une mission de conception ou une mission compl\u00e8te, se composant : <\/p>\n\n\n\n<ul class=\"wp-block-list\">\n<li>D&rsquo;un compte-rendu relatant l&rsquo;\u00e9tat des lieux de l&rsquo;existant, le cahier des charges du Ma\u00eetre d&rsquo;Ouvrage et les pistes de projets retenues. <\/li>\n<\/ul>\n\n\n\n<ul class=\"wp-block-list\">\n<li>D&rsquo;une visite \u00e0 domicile permettant d&rsquo;\u00e9valuer le potentiel et les contraintes d&rsquo;un bien immobilier, d&rsquo;appr\u00e9hender les besoins du Ma\u00eetre d&rsquo;Ouvrage et de fournir des premi\u00e8res orientations de projets. <\/li>\n<\/ul>\n\n\n\n<ul class=\"wp-block-list\">\n<li>D&rsquo;une ne analyse budg\u00e9taire pr\u00e9-estimative permettant de v\u00e9rifier dans les grandes lignes la faisabilit\u00e9 financi\u00e8re d&rsquo;un projet de construction.<\/li>\n<\/ul>\n\n\n\n<p><\/p>\n\n\n\n<h2 class=\"wp-block-heading\">Esquisse<\/h2>\n\n\n\n<p>L&rsquo;Esquisse est la premi\u00e8re phase de conception d\u2019un projet qui permet de proposer une intention architecturale en tenant compte du cahier des charges retenu lors de la mission pr\u00e9c\u00e9dent ainsi que des contraintes techniques, r\u00e9glementaires et budg\u00e9taires, se composant de : <\/p>\n\n\n\n<ul class=\"wp-block-list\">\n<li>Mod\u00e9lisation d\u2019une maquette 3D de l\u2019existant <\/li>\n<\/ul>\n\n\n\n<ul class=\"wp-block-list\">\n<li>Etude des contraintes urbaines et r\u00e9glementaires<\/li>\n<\/ul>\n\n\n\n<ul class=\"wp-block-list\">\n<li>Elaboration d\u2019intentions de projet (jusqu\u2019\u00e0 3 mises \u00e0 jour si n\u00e9cessaire d\u2019apr\u00e8s le cahier des charges convenu ensemble)<\/li>\n<\/ul>\n\n\n\n<ul class=\"wp-block-list\">\n<li>R\u00e9alisation d\u2019un dossier de plans, coupes et volum\u00e9tries (ech1\/100\u00e8me)<\/li>\n<\/ul>\n\n\n\n<ul class=\"wp-block-list\">\n<li>Analyse budg\u00e9taire estimative<\/li>\n<\/ul>\n\n\n\n<h2 class=\"wp-block-heading\">Avant-projet <\/h2>\n\n\n\n<p>La mission Avant-Projet (ou \u00ab\u00a0AVP\u00a0\u00bb) a pour objectif de pr\u00e9ciser et d\u00e9tailler la solution retenue lors de l\u2019esquisse, en d\u00e9taillant l\u2019organisation des espaces, les mat\u00e9riaux, les principes techniques et une estimation plus fiable du co\u00fbt, en vue de pr\u00e9parer le d\u00e9p\u00f4t du permis de construire (ou autre demande d&rsquo;autorisation d&rsquo;urbanisme le cas \u00e9ch\u00e9ant) et\/ou le lancement des \u00e9tudes techniques. Cette mission se compose de : <\/p>\n\n\n\n<ul class=\"wp-block-list\">\n<li>Description sommaire des mat\u00e9riaux de fa\u00e7ades, des principes constructifs et des installations techniques <\/li>\n<\/ul>\n\n\n\n<ul class=\"wp-block-list\">\n<li>R\u00e9alisation d\u2019un dossier de plans d\u00e9taill\u00e9s<\/li>\n<\/ul>\n\n\n\n<ul class=\"wp-block-list\">\n<li>Assistance \u00e0 la r\u00e9alisation des \u00e9tudes obligatoires (r\u00e9glementation thermique, Assainissement, etc.)<\/li>\n<\/ul>\n\n\n\n<ul class=\"wp-block-list\">\n<li>R\u00e9alisation et d\u00e9p\u00f4t d\u2019un dossier de demande d&rsquo;autorisation d&rsquo;urbanisme<\/li>\n<\/ul>\n\n\n\n<p><\/p>\n\n\n\n<h2 class=\"wp-block-heading\">Dossier technique et consultation des entreprises<\/h2>\n\n\n\n<p>La mission \u00ab\u00a0PRO-DCE\u00a0\u00bb consiste \u00e0 d\u00e9finir pr\u00e9cis\u00e9ment le projet architectural et technique en \u00e9laborant les plans techniques d\u00e9taill\u00e9s, le descriptif par corps d\u2019\u00e9tat (CCTP) et l\u2019estimation d\u00e9finitive du co\u00fbt des travaux. Elle permet \u00e9galement de constituer le Dossier de Consultation des Entreprises, n\u00e9cessaire pour lancer les appels d\u2019offres, sans toutefois inclure les plans d\u2019ex\u00e9cution, qui restent \u00e0 la charge des entreprises.<\/p>\n\n\n\n<p><\/p>\n\n\n\n<h2 class=\"wp-block-heading\">Chantier et R\u00e9ception<\/h2>\n\n\n\n<p>La mission Chantier (ou \u00ab\u00a0DET\u00a0\u00bb) consiste pour l\u2019architecte ma\u00eetre d\u2019\u0153uvre \u00e0 diriger l\u2019ex\u00e9cution des contrats de travaux, en s\u2019assurant que les ouvrages r\u00e9alis\u00e9s sont conformes aux plans, au CCTP et aux exigences de qualit\u00e9. Il contr\u00f4le les documents d\u2019ex\u00e9cution produits par les entreprises, suit l\u2019avancement technique, organise les r\u00e9unions de chantier, r\u00e9dige les comptes rendus et valide les situations de paiement.<\/p>\n\n\n\n<p>L&rsquo;architecte ma\u00eetre d\u2019\u0153uvre assiste ensuite le ma\u00eetre d\u2019ouvrage dans la v\u00e9rification des travaux r\u00e9alis\u00e9s, en organisant les op\u00e9rations pr\u00e9alables de r\u00e9ception (OPR), en pr\u00e9parant la r\u00e9ception du chantier et en suivant la lev\u00e9e des r\u00e9serves \u00e9ventuelles. <\/p>\n\n\n\n<p><\/p>\n\n\n\n<h2 class=\"wp-block-heading\">Missions compl\u00e9mentaires<\/h2>\n\n\n\n<p>La mission compl\u00e8te d&rsquo;un architecte ma\u00eetre d&rsquo;\u0153uvre peut \u00eatre assortie de missions compl\u00e9mentaires,  comme :  <\/p>\n\n\n\n<ul class=\"wp-block-list\">\n<li>Assistance \u00e0 Ma\u00eetrise d\u2019Ouvrage (AMO)<\/li>\n\n\n\n<li>Ordonnancement, Pilotage et Coordination (OPC)<\/li>\n\n\n\n<li>Coordonnateur S\u00e9curit\u00e9 et Protection de la Sant\u00e9 (CSPS)<\/li>\n\n\n\n<li>Economie de la construction<\/li>\n\n\n\n<li>D\u00e9coration d&rsquo;int\u00e9rieur<\/li>\n\n\n\n<li>Am\u00e9nagement paysager<\/li>\n\n\n\n<li>Assistance \u00e0 la Dommage Ouvrage<\/li>\n\n\n\n<li>&#8230;<\/li>\n<\/ul>\n\n\n\n<p><\/p>\n","protected":false},"excerpt":{"rendered":"<p>Visite-Conseil La mission Visite-Conseil est un premier accompagnement, sans engagement pour une mission de conception&#8230;<\/p>\n<div class=\"more-link-wrapper\"><a class=\"more-link\" href=\"https:\/\/stolz-architecture.fr\/index.php\/news\/\">Read the post<span class=\"screen-reader-text\">Missions<\/span><\/a><\/div>\n","protected":false},"author":1,"featured_media":0,"parent":0,"menu_order":3,"comment_status":"closed","ping_status":"closed","template":"","meta":{"footnotes":""},"class_list":["post-53","page","type-page","status-publish","hentry","excerpt","zoom","full-without-featured","even","excerpt-0"],"_links":{"self":[{"href":"https:\/\/stolz-architecture.fr\/index.php\/wp-json\/wp\/v2\/pages\/53","targetHints":{"allow":["GET"]}}],"collection":[{"href":"https:\/\/stolz-architecture.fr\/index.php\/wp-json\/wp\/v2\/pages"}],"about":[{"href":"https:\/\/stolz-architecture.fr\/index.php\/wp-json\/wp\/v2\/types\/page"}],"author":[{"embeddable":true,"href":"https:\/\/stolz-architecture.fr\/index.php\/wp-json\/wp\/v2\/users\/1"}],"replies":[{"embeddable":true,"href":"https:\/\/stolz-architecture.fr\/index.php\/wp-json\/wp\/v2\/comments?post=53"}],"version-history":[{"count":12,"href":"https:\/\/stolz-architecture.fr\/index.php\/wp-json\/wp\/v2\/pages\/53\/revisions"}],"predecessor-version":[{"id":301,"href":"https:\/\/stolz-architecture.fr\/index.php\/wp-json\/wp\/v2\/pages\/53\/revisions\/301"}],"wp:attachment":[{"href":"https:\/\/stolz-architecture.fr\/index.php\/wp-json\/wp\/v2\/media?parent=53"}],"curies":[{"name":"wp","href":"https:\/\/api.w.org\/{rel}","templated":true}]}}