{"id":51,"date":"2022-10-13T16:24:21","date_gmt":"2022-10-13T14:24:21","guid":{"rendered":"https:\/\/stolz-architecture.fr\/?page_id=51"},"modified":"2025-10-19T15:34:17","modified_gmt":"2025-10-19T13:34:17","slug":"agence","status":"publish","type":"page","link":"https:\/\/stolz-architecture.fr\/index.php\/agence\/","title":{"rendered":"A propos"},"content":{"rendered":"\n<figure class=\"wp-block-gallery has-nested-images columns-default is-cropped wp-block-gallery-1 is-layout-flex wp-block-gallery-is-layout-flex\">\n<figure class=\"wp-block-image size-large is-style-default\"><img loading=\"lazy\" decoding=\"async\" width=\"1024\" height=\"683\" data-id=\"259\" src=\"https:\/\/stolz-architecture.fr\/wp-content\/uploads\/2023\/10\/IMG_3142-1024x683.jpg\" alt=\"\" class=\"wp-image-259\" srcset=\"https:\/\/stolz-architecture.fr\/wp-content\/uploads\/2023\/10\/IMG_3142-1024x683.jpg 1024w, https:\/\/stolz-architecture.fr\/wp-content\/uploads\/2023\/10\/IMG_3142-300x200.jpg 300w, https:\/\/stolz-architecture.fr\/wp-content\/uploads\/2023\/10\/IMG_3142-768x512.jpg 768w, https:\/\/stolz-architecture.fr\/wp-content\/uploads\/2023\/10\/IMG_3142-1536x1025.jpg 1536w, https:\/\/stolz-architecture.fr\/wp-content\/uploads\/2023\/10\/IMG_3142-2048x1366.jpg 2048w\" sizes=\"auto, (max-width: 1024px) 100vw, 1024px\" \/><\/figure>\n<\/figure>\n\n\n\n<h2 class=\"wp-block-heading\">L\u2019AGENCE<\/h2>\n\n\n\n<p>L&rsquo;agence ST\u00d8LZ ARCHITECTURE vous accompagne depuis 2016 pour vos projets de construction et de r\u00e9novation sur notre belle C\u00f4te d&rsquo;Opale et plus principalement au Touquet-Paris-plage et ses environs. <\/p>\n\n\n\n<p>L\u2019agence ST\u00d8LZ ARCHITECTURE s\u2019attache \u00e0 concevoir des espaces de qualit\u00e9 tout en r\u00e9pondant aux besoins de chacun : particuliers, promoteurs priv\u00e9s, ou encore ma\u00eetrise d\u2019ouvrage publique. Elle aborde ais\u00e9ment toutes les \u00e9chelles de projets, de la cr\u00e9ation de meubles sur mesure \u00e0 l&rsquo;am\u00e9nagement urbain en passant par la construction neuve et la r\u00e9novation. <\/p>\n\n\n\n<p>Exer\u00e7ant principalement sur le secteur sauvegard\u00e9 du Touquet-Paris-plage, l\u2019agence offre une architecture \u00e9clectique avec une app\u00e9tence toute particuli\u00e8re pour le m\u00e9lange des styles architecturaux et des \u00e9poques, dans le respect des exigences de l&rsquo;Architecte des B\u00e2timent de France mais surtout des besoins du Ma\u00eetre d&rsquo;ouvrage. La communication et l&rsquo;\u00e9coute sont primordiales pour l&rsquo;agence.  <\/p>\n\n\n\n<p>ST\u00d8LZ ARCHITECTRURE saura vous apporter le regard du sp\u00e9cialiste et l&rsquo;accompagnement n\u00e9cessaire durant toutes les \u00e9tapes d&rsquo;un projet : de l&rsquo;Esquisse \u00e0 la livraison du chantier en passant par les autorisations d&rsquo;urbanisme et la conception technique.<\/p>\n\n\n\n<h2 class=\"wp-block-heading\">L&rsquo;EQUIPE<\/h2>\n\n\n\n<p>De nationalit\u00e9 Franco-Suisse et originaire du Touquet-Paris-Plage, Juliette Stolz, architecte HMONP, est la fondatrice de ST\u00d8LZ ARCHITECTURE. <\/p>\n\n\n\n<p>Apr\u00e8s avoir obtenu une licence d\u2019architecture \u00e0 l\u2019\u00e9cole de Paris-Malaquais portant sur le d\u00e9tail architectural, Juliette a rejoint la capitale des Hauts-de-France et a obtenu un dipl\u00f4me d\u2019architecte d\u2019Etat orient\u00e9 sur une vision plus urbaine de l\u2019architecture, puis une Habilitation \u00e0 la Ma\u00eetrise d\u2019ouvrage en son Nom Propre \u00e0 l\u2019\u00e9cole d\u2019architecture et de paysage de Lille. Sa riche formation ainsi que son exp\u00e9rience de plusieurs ann\u00e9es en tant que chef de projet dans une agence d\u2019architecture renomm\u00e9e du Vieux-Lille, lui ont permis d\u2019exercer la ma\u00eetrise d&rsquo;\u0153uvre en son nom propre et de cr\u00e9er ST\u00d8LZ ARCHITECTURE en 2016. <\/p>\n\n\n\n<p>Juliette s\u2019entoure de professionnels vari\u00e9s et adapt\u00e9s selon les projets, afin de r\u00e9pondre au mieux \u00e0 vos attentes multiples et ce, d\u00e8s les phases de conception. Ainsi, ST\u00d8LZ ARCHITECTURE collabore r\u00e9guli\u00e8rement avec des ing\u00e9nieurs structure, des thermiciens, des g\u00e9otechniciens, des \u00e9conomistes prescripteurs, des architectes d&rsquo;int\u00e9rieur et d\u00e9corateurs, des confr\u00e8res et de nombreuses entreprises sp\u00e9cialis\u00e9es. <\/p>\n\n\n\n<h2 class=\"wp-block-heading\">LA METHODE<\/h2>\n\n\n\n<p>ST\u00d8LZ ARCHITECTURE tente d\u2019effacer la dualit\u00e9 entre la conception et le chantier, entre le \u00ab savoir \u00bb et le \u00ab faire \u00bb, en travaillant au plus proche des artisans et de tous les acteurs qui donnent vie au projet. Ainsi, l&rsquo;agence assure la Ma\u00eetrise d&rsquo;\u0153uvre (c-\u00e0-d le suivi de chantier) des projets qu&rsquo;elle con\u00e7oit. <\/p>\n\n\n\n<p>De plus, pour une meilleure ma\u00eetrise des co\u00fbts, pour anticiper les al\u00e9as techniques, pour facilit\u00e9 les \u00e9changes, et diminuer les temps de chantier, l\u2019agence ST\u00d8LZ ARCHITECTURE con\u00e7oit l\u2019ensemble de ses projets \u00e0 partir d\u2019une maquette 3D \u00e9volutive d\u00e8s la phase d\u2019esquisse<\/p>\n\n\n\n<div class=\"wp-block-columns is-layout-flex wp-container-core-columns-is-layout-9d6595d7 wp-block-columns-is-layout-flex\">\n<div class=\"wp-block-column is-layout-flow wp-block-column-is-layout-flow\" style=\"flex-basis:100%\">\n<figure class=\"wp-block-gallery has-nested-images columns-default is-cropped wp-block-gallery-2 is-layout-flex wp-block-gallery-is-layout-flex\">\n<figure class=\"wp-block-image size-large\"><img loading=\"lazy\" decoding=\"async\" width=\"1024\" height=\"683\" data-id=\"260\" src=\"https:\/\/stolz-architecture.fr\/wp-content\/uploads\/2023\/10\/IMG_3143-1024x683.jpg\" alt=\"\" class=\"wp-image-260\" srcset=\"https:\/\/stolz-architecture.fr\/wp-content\/uploads\/2023\/10\/IMG_3143-1024x683.jpg 1024w, https:\/\/stolz-architecture.fr\/wp-content\/uploads\/2023\/10\/IMG_3143-300x200.jpg 300w, https:\/\/stolz-architecture.fr\/wp-content\/uploads\/2023\/10\/IMG_3143-768x512.jpg 768w, https:\/\/stolz-architecture.fr\/wp-content\/uploads\/2023\/10\/IMG_3143-1536x1025.jpg 1536w, https:\/\/stolz-architecture.fr\/wp-content\/uploads\/2023\/10\/IMG_3143-2048x1366.jpg 2048w\" sizes=\"auto, (max-width: 1024px) 100vw, 1024px\" \/><\/figure>\n\n\n\n<figure class=\"wp-block-image size-large\"><img loading=\"lazy\" decoding=\"async\" width=\"1024\" height=\"683\" data-id=\"261\" src=\"https:\/\/stolz-architecture.fr\/wp-content\/uploads\/2023\/10\/IMG_3144-1024x683.jpg\" alt=\"\" class=\"wp-image-261\" srcset=\"https:\/\/stolz-architecture.fr\/wp-content\/uploads\/2023\/10\/IMG_3144-1024x683.jpg 1024w, https:\/\/stolz-architecture.fr\/wp-content\/uploads\/2023\/10\/IMG_3144-300x200.jpg 300w, https:\/\/stolz-architecture.fr\/wp-content\/uploads\/2023\/10\/IMG_3144-768x512.jpg 768w, https:\/\/stolz-architecture.fr\/wp-content\/uploads\/2023\/10\/IMG_3144-1536x1025.jpg 1536w, https:\/\/stolz-architecture.fr\/wp-content\/uploads\/2023\/10\/IMG_3144-2048x1366.jpg 2048w\" sizes=\"auto, (max-width: 1024px) 100vw, 1024px\" \/><\/figure>\n\n\n\n<figure class=\"wp-block-image size-large\"><img loading=\"lazy\" decoding=\"async\" width=\"1024\" height=\"683\" data-id=\"262\" src=\"https:\/\/stolz-architecture.fr\/wp-content\/uploads\/2023\/10\/IMG_3145-1024x683.jpg\" alt=\"\" class=\"wp-image-262\" srcset=\"https:\/\/stolz-architecture.fr\/wp-content\/uploads\/2023\/10\/IMG_3145-1024x683.jpg 1024w, https:\/\/stolz-architecture.fr\/wp-content\/uploads\/2023\/10\/IMG_3145-300x200.jpg 300w, https:\/\/stolz-architecture.fr\/wp-content\/uploads\/2023\/10\/IMG_3145-768x512.jpg 768w, https:\/\/stolz-architecture.fr\/wp-content\/uploads\/2023\/10\/IMG_3145-1536x1025.jpg 1536w, https:\/\/stolz-architecture.fr\/wp-content\/uploads\/2023\/10\/IMG_3145-2048x1366.jpg 2048w\" sizes=\"auto, (max-width: 1024px) 100vw, 1024px\" \/><\/figure>\n<\/figure>\n<\/div>\n<\/div>\n\n\n\n<p class=\"has-text-align-center\"><strong>L&rsquo;agence vous accueille uniquement sur rendez-vous du lundi au vendredi<\/strong><\/p>\n\n\n\n<p class=\"has-text-align-center\">Centre d&rsquo;affaires de l&rsquo;a\u00e9roport du Touquet-Paris-plage &#8211; Bureau 24<\/p>\n\n\n\n<p class=\"has-text-align-center\">06 30 56 77 41 <\/p>\n\n\n\n<p class=\"has-text-align-center\">stolz.architecture@gmail.com <\/p>\n\n\n\n<p class=\"has-text-align-center\">Instagram @stolz_architecture<\/p>\n","protected":false},"excerpt":{"rendered":"<p>L\u2019AGENCE L&rsquo;agence ST\u00d8LZ ARCHITECTURE vous accompagne depuis 2016 pour vos projets de construction et de&#8230;<\/p>\n<div class=\"more-link-wrapper\"><a class=\"more-link\" href=\"https:\/\/stolz-architecture.fr\/index.php\/agence\/\">Read the post<span class=\"screen-reader-text\">A propos<\/span><\/a><\/div>\n","protected":false},"author":1,"featured_media":0,"parent":0,"menu_order":1,"comment_status":"closed","ping_status":"closed","template":"templates\/full-width.php","meta":{"footnotes":""},"class_list":["post-51","page","type-page","status-publish","hentry","excerpt","zoom","full-without-featured","even","excerpt-0"],"_links":{"self":[{"href":"https:\/\/stolz-architecture.fr\/index.php\/wp-json\/wp\/v2\/pages\/51","targetHints":{"allow":["GET"]}}],"collection":[{"href":"https:\/\/stolz-architecture.fr\/index.php\/wp-json\/wp\/v2\/pages"}],"about":[{"href":"https:\/\/stolz-architecture.fr\/index.php\/wp-json\/wp\/v2\/types\/page"}],"author":[{"embeddable":true,"href":"https:\/\/stolz-architecture.fr\/index.php\/wp-json\/wp\/v2\/users\/1"}],"replies":[{"embeddable":true,"href":"https:\/\/stolz-architecture.fr\/index.php\/wp-json\/wp\/v2\/comments?post=51"}],"version-history":[{"count":23,"href":"https:\/\/stolz-architecture.fr\/index.php\/wp-json\/wp\/v2\/pages\/51\/revisions"}],"predecessor-version":[{"id":303,"href":"https:\/\/stolz-architecture.fr\/index.php\/wp-json\/wp\/v2\/pages\/51\/revisions\/303"}],"wp:attachment":[{"href":"https:\/\/stolz-architecture.fr\/index.php\/wp-json\/wp\/v2\/media?parent=51"}],"curies":[{"name":"wp","href":"https:\/\/api.w.org\/{rel}","templated":true}]}}